{"id":955,"date":"2025-07-07T18:36:55","date_gmt":"2025-07-07T21:36:55","guid":{"rendered":"https:\/\/veterinariacampinas.com.br\/?page_id=955"},"modified":"2025-12-15T17:52:04","modified_gmt":"2025-12-15T20:52:04","slug":"equipe","status":"publish","type":"page","link":"https:\/\/veterinariacampinas.com.br\/index.php\/equipe\/","title":{"rendered":""},"content":{"rendered":"\n<p class=\"has-text-align-center\" style=\"font-size:31px\">Dra. Maria Luiza Vallad\u00e3o<\/p>\n\n\n\n<div class=\"wp-block-media-text alignwide has-media-on-the-right is-stacked-on-mobile { text-align: center }\" style=\"grid-template-columns:auto 29%\"><div class=\"wp-block-media-text__content\">\n<p class=\"has-text-align-left\" style=\"font-size:16px\"><strong>Maria Luiza Vallad\u00e3o<\/strong>, m\u00e9dica veterin\u00e1ria, formada em 1999 no Centro Regional Universit\u00e1rio de Esp\u00edrito Santo do Pinhal (Creupi). Concluiu mestrado no ano de 2007 e o doutorado no ano de 2012, ambos em Fisiopatologia M\u00e9dica pela Faculdade de Ci\u00eancias M\u00e9dicas da Universidade Estadual de Campinas (UNICAMP). Desde 2010 atua na cidade de Campinas e \u00e9 a idealizadora da cl\u00ednica CCVET. Atualmente cursa P\u00f3s Gradua\u00e7\u00e3o em Cirurgia de Pequenos Animais na Veteduka.<\/p>\n\n\n\n<p><strong>Curriculum Lattes:<\/strong> <a href=\"http:\/\/lattes.cnpq.br\/5646346278522365\" target=\"_blank\" rel=\"noopener\" title=\"\">aqui<\/a><\/p>\n<\/div><figure class=\"wp-block-media-text__media\"><img loading=\"lazy\" decoding=\"async\" width=\"1024\" height=\"1022\" src=\"https:\/\/veterinariacampinas.com.br\/wp-content\/uploads\/2025\/12\/c1-1024x1022.jpg\" alt=\"\" class=\"wp-image-1109 size-full\" srcset=\"https:\/\/veterinariacampinas.com.br\/wp-content\/uploads\/2025\/12\/c1-1024x1022.jpg 1024w, https:\/\/veterinariacampinas.com.br\/wp-content\/uploads\/2025\/12\/c1-300x300.jpg 300w, https:\/\/veterinariacampinas.com.br\/wp-content\/uploads\/2025\/12\/c1-150x150.jpg 150w, https:\/\/veterinariacampinas.com.br\/wp-content\/uploads\/2025\/12\/c1-768x767.jpg 768w, https:\/\/veterinariacampinas.com.br\/wp-content\/uploads\/2025\/12\/c1-60x60.jpg 60w, https:\/\/veterinariacampinas.com.br\/wp-content\/uploads\/2025\/12\/c1.jpg 1183w\" sizes=\"auto, (max-width: 1024px) 100vw, 1024px\" \/><\/figure><\/div>\n\n\n\n<p class=\"has-text-align-center\" style=\"font-size:30px\">Aline Alves Motta Prietto<\/p>\n\n\n\n<div class=\"wp-block-media-text alignwide is-stacked-on-mobile\" style=\"grid-template-columns:29% auto\"><figure class=\"wp-block-media-text__media\"><img loading=\"lazy\" decoding=\"async\" width=\"1024\" height=\"1024\" src=\"https:\/\/veterinariacampinas.com.br\/wp-content\/uploads\/2025\/12\/c2-1024x1024.jpg\" alt=\"\" class=\"wp-image-1110 size-full\" srcset=\"https:\/\/veterinariacampinas.com.br\/wp-content\/uploads\/2025\/12\/c2-1024x1024.jpg 1024w, https:\/\/veterinariacampinas.com.br\/wp-content\/uploads\/2025\/12\/c2-300x300.jpg 300w, https:\/\/veterinariacampinas.com.br\/wp-content\/uploads\/2025\/12\/c2-150x150.jpg 150w, https:\/\/veterinariacampinas.com.br\/wp-content\/uploads\/2025\/12\/c2-768x768.jpg 768w, https:\/\/veterinariacampinas.com.br\/wp-content\/uploads\/2025\/12\/c2-60x60.jpg 60w, https:\/\/veterinariacampinas.com.br\/wp-content\/uploads\/2025\/12\/c2-800x800.jpg 800w, https:\/\/veterinariacampinas.com.br\/wp-content\/uploads\/2025\/12\/c2.jpg 1188w\" sizes=\"auto, (max-width: 1024px) 100vw, 1024px\" \/><\/figure><div class=\"wp-block-media-text__content\">\n<p class=\"has-text-align-left\" style=\"font-size:16px\"><strong>Aline Alves Motta Prietto<\/strong>, m\u00e9dica veterin\u00e1ria, formada em 2018 na Universidade de Jaguari\u00fana (UniFaj). P\u00f3s graduada em Cl\u00ednica M\u00e9dica no ano de 2022 e realizou curso de Especializa\u00e7\u00e3o em Ultrassonografia de Pequenos Animais (NAUS), conclu\u00eddo em 2025.<\/p>\n<\/div><\/div>\n\n\n\n<p class=\"has-text-align-center\" style=\"font-size:30px\">Sarah Selles<\/p>\n\n\n\n<div class=\"wp-block-media-text alignwide has-media-on-the-right is-stacked-on-mobile\" style=\"grid-template-columns:auto 29%\"><div class=\"wp-block-media-text__content\">\n<p class=\"has-text-align-left\" style=\"font-size:16px\"><strong>Sarah Selles<\/strong>, m\u00e9dica veterin\u00e1ria, formada em 2017 pela Faculdade Anhanguera Campinas. P\u00f3s Graduada em Oncologia de Pequenos Animais e cursando P\u00f3s gradua\u00e7\u00e3o em Homeopatia.<\/p>\n\n\n\n<p class=\"has-text-align-left\" style=\"font-size:16px\"><\/p>\n<\/div><figure class=\"wp-block-media-text__media\"><img loading=\"lazy\" decoding=\"async\" width=\"1024\" height=\"1024\" src=\"https:\/\/veterinariacampinas.com.br\/wp-content\/uploads\/2025\/12\/c3-1024x1024.jpg\" alt=\"\" class=\"wp-image-1111 size-full\" srcset=\"https:\/\/veterinariacampinas.com.br\/wp-content\/uploads\/2025\/12\/c3-1024x1024.jpg 1024w, https:\/\/veterinariacampinas.com.br\/wp-content\/uploads\/2025\/12\/c3-300x300.jpg 300w, https:\/\/veterinariacampinas.com.br\/wp-content\/uploads\/2025\/12\/c3-150x150.jpg 150w, https:\/\/veterinariacampinas.com.br\/wp-content\/uploads\/2025\/12\/c3-768x768.jpg 768w, https:\/\/veterinariacampinas.com.br\/wp-content\/uploads\/2025\/12\/c3-60x60.jpg 60w, https:\/\/veterinariacampinas.com.br\/wp-content\/uploads\/2025\/12\/c3-800x800.jpg 800w, https:\/\/veterinariacampinas.com.br\/wp-content\/uploads\/2025\/12\/c3.jpg 1185w\" sizes=\"auto, (max-width: 1024px) 100vw, 1024px\" \/><\/figure><\/div>\n\n\n\n<p class=\"has-text-align-center\" style=\"font-size:30px\">Adriana Maria Silva<\/p>\n\n\n\n<div class=\"wp-block-media-text alignwide is-stacked-on-mobile\" style=\"grid-template-columns:29% auto\"><figure class=\"wp-block-media-text__media\"><img loading=\"lazy\" decoding=\"async\" width=\"1024\" height=\"1024\" src=\"https:\/\/veterinariacampinas.com.br\/wp-content\/uploads\/2025\/12\/c4-1024x1024.jpg\" alt=\"\" class=\"wp-image-1112 size-full\" srcset=\"https:\/\/veterinariacampinas.com.br\/wp-content\/uploads\/2025\/12\/c4-1024x1024.jpg 1024w, https:\/\/veterinariacampinas.com.br\/wp-content\/uploads\/2025\/12\/c4-300x300.jpg 300w, https:\/\/veterinariacampinas.com.br\/wp-content\/uploads\/2025\/12\/c4-150x150.jpg 150w, https:\/\/veterinariacampinas.com.br\/wp-content\/uploads\/2025\/12\/c4-768x768.jpg 768w, https:\/\/veterinariacampinas.com.br\/wp-content\/uploads\/2025\/12\/c4-60x60.jpg 60w, https:\/\/veterinariacampinas.com.br\/wp-content\/uploads\/2025\/12\/c4-800x800.jpg 800w, https:\/\/veterinariacampinas.com.br\/wp-content\/uploads\/2025\/12\/c4.jpg 1182w\" sizes=\"auto, (max-width: 1024px) 100vw, 1024px\" \/><\/figure><div class=\"wp-block-media-text__content\">\n<p class=\"has-text-align-left\" style=\"font-size:16px\"><strong>Adriana Maria Silva<\/strong>, m\u00e9dica veterin\u00e1ria, formada em 1993 na Universidade de Mar\u00edlia (Unimar). Especialista em Clinica M\u00e9dica de Pequenos Animais no ano de 2012 pela Unifeob (S\u00e3o Jo\u00e3o da Boa Vista). Atua como Cl\u00ednica e Cirurgi\u00e3 em Campinas na regi\u00e3o de Bar\u00e3o Geraldo desde 2000, tendo sido propriet\u00e1ria da Cl\u00ednica Veterin\u00e1ria Jequitib\u00e1.<\/p>\n<\/div><\/div>\n\n\n\n<pre class=\"wp-block-verse has-text-align-center has-black-color has-white-background-color has-text-color has-background\" style=\"font-size:15px\"><em>\"Conte conosco na hora<\/em><br><em> de fazer aquele check-up\"<\/em><\/pre>\n\n\n\n<p class=\"has-text-align-center\" style=\"font-size:11px\">CCVET \u00a9<\/p>\n","protected":false},"excerpt":{"rendered":"<p>Dra. Maria Luiza Vallad\u00e3o Maria Luiza Vallad\u00e3o, m\u00e9dica veterin\u00e1ria, formada em 1999 no Centro Regional Universit\u00e1rio de Esp\u00edrito Santo do Pinhal (Creupi). Concluiu mestrado no ano de 2007 e o doutorado no ano de 2012, ambos em Fisiopatologia M\u00e9dica pela Faculdade de Ci\u00eancias M\u00e9dicas da Universidade Estadual de Campinas (UNICAMP). Desde 2010 atua na cidade &hellip; <\/p>\n","protected":false},"author":1,"featured_media":0,"parent":0,"menu_order":0,"comment_status":"closed","ping_status":"closed","template":"","meta":{"om_disable_all_campaigns":false,"_monsterinsights_skip_tracking":false,"_monsterinsights_sitenote_active":false,"_monsterinsights_sitenote_note":"","_monsterinsights_sitenote_category":0,"footnotes":""},"class_list":["post-955","page","type-page","status-publish","hentry"],"aioseo_notices":[],"_links":{"self":[{"href":"https:\/\/veterinariacampinas.com.br\/index.php\/wp-json\/wp\/v2\/pages\/955","targetHints":{"allow":["GET"]}}],"collection":[{"href":"https:\/\/veterinariacampinas.com.br\/index.php\/wp-json\/wp\/v2\/pages"}],"about":[{"href":"https:\/\/veterinariacampinas.com.br\/index.php\/wp-json\/wp\/v2\/types\/page"}],"author":[{"embeddable":true,"href":"https:\/\/veterinariacampinas.com.br\/index.php\/wp-json\/wp\/v2\/users\/1"}],"replies":[{"embeddable":true,"href":"https:\/\/veterinariacampinas.com.br\/index.php\/wp-json\/wp\/v2\/comments?post=955"}],"version-history":[{"count":7,"href":"https:\/\/veterinariacampinas.com.br\/index.php\/wp-json\/wp\/v2\/pages\/955\/revisions"}],"predecessor-version":[{"id":1127,"href":"https:\/\/veterinariacampinas.com.br\/index.php\/wp-json\/wp\/v2\/pages\/955\/revisions\/1127"}],"wp:attachment":[{"href":"https:\/\/veterinariacampinas.com.br\/index.php\/wp-json\/wp\/v2\/media?parent=955"}],"curies":[{"name":"wp","href":"https:\/\/api.w.org\/{rel}","templated":true}]}}