{"id":690,"date":"2023-09-20T10:32:30","date_gmt":"2023-09-20T13:32:30","guid":{"rendered":"http:\/\/veterinariacampinas.com.br\/?page_id=690"},"modified":"2025-12-01T17:18:42","modified_gmt":"2025-12-01T20:18:42","slug":"especialidades","status":"publish","type":"page","link":"https:\/\/veterinariacampinas.com.br\/index.php\/especialidades\/","title":{"rendered":""},"content":{"rendered":"\n<p class=\"has-text-align-center\" style=\"font-size:30px\">CONSULTAS<\/p>\n\n\n\n<div class=\"wp-block-media-text alignwide has-media-on-the-right is-stacked-on-mobile\" style=\"grid-template-columns:auto 29%\"><div class=\"wp-block-media-text__content\">\n<p><\/p>\n\n\n\n<ul class=\"wp-block-list\">\n<li>Check Up anual<\/li>\n<\/ul>\n\n\n\n<ul class=\"wp-block-list\">\n<li>Consultas em Geral<\/li>\n<\/ul>\n\n\n\n<ul class=\"wp-block-list\">\n<li>Consultas (transporte de pets em viagens)<\/li>\n<\/ul>\n<\/div><figure class=\"wp-block-media-text__media\"><img loading=\"lazy\" decoding=\"async\" width=\"1024\" height=\"1024\" src=\"http:\/\/veterinariacampinas.com.br\/wp-content\/uploads\/2025\/08\/DD-1024x1024.png\" alt=\"\" class=\"wp-image-1018 size-full\" srcset=\"https:\/\/veterinariacampinas.com.br\/wp-content\/uploads\/2025\/08\/DD-1024x1024.png 1024w, https:\/\/veterinariacampinas.com.br\/wp-content\/uploads\/2025\/08\/DD-300x300.png 300w, https:\/\/veterinariacampinas.com.br\/wp-content\/uploads\/2025\/08\/DD-150x150.png 150w, https:\/\/veterinariacampinas.com.br\/wp-content\/uploads\/2025\/08\/DD-768x768.png 768w, https:\/\/veterinariacampinas.com.br\/wp-content\/uploads\/2025\/08\/DD-1536x1536.png 1536w, https:\/\/veterinariacampinas.com.br\/wp-content\/uploads\/2025\/08\/DD-2048x2048.png 2048w, https:\/\/veterinariacampinas.com.br\/wp-content\/uploads\/2025\/08\/DD-60x60.png 60w, https:\/\/veterinariacampinas.com.br\/wp-content\/uploads\/2025\/08\/DD-800x800.png 800w\" sizes=\"auto, (max-width: 1024px) 100vw, 1024px\" \/><\/figure><\/div>\n\n\n\n<p class=\"has-text-align-center\" style=\"font-size:30px\">VACINA\u00c7\u00d5ES &amp; EXAMES<\/p>\n\n\n\n<div class=\"wp-block-media-text alignwide is-stacked-on-mobile\" style=\"grid-template-columns:29% auto\"><figure class=\"wp-block-media-text__media\"><img loading=\"lazy\" decoding=\"async\" width=\"1024\" height=\"1024\" src=\"http:\/\/veterinariacampinas.com.br\/wp-content\/uploads\/2025\/08\/AA-1024x1024.png\" alt=\"\" class=\"wp-image-1020 size-full\" srcset=\"https:\/\/veterinariacampinas.com.br\/wp-content\/uploads\/2025\/08\/AA-1024x1024.png 1024w, https:\/\/veterinariacampinas.com.br\/wp-content\/uploads\/2025\/08\/AA-300x300.png 300w, https:\/\/veterinariacampinas.com.br\/wp-content\/uploads\/2025\/08\/AA-150x150.png 150w, https:\/\/veterinariacampinas.com.br\/wp-content\/uploads\/2025\/08\/AA-768x768.png 768w, https:\/\/veterinariacampinas.com.br\/wp-content\/uploads\/2025\/08\/AA-1536x1536.png 1536w, https:\/\/veterinariacampinas.com.br\/wp-content\/uploads\/2025\/08\/AA-2048x2048.png 2048w, https:\/\/veterinariacampinas.com.br\/wp-content\/uploads\/2025\/08\/AA-60x60.png 60w, https:\/\/veterinariacampinas.com.br\/wp-content\/uploads\/2025\/08\/AA-800x800.png 800w\" sizes=\"auto, (max-width: 1024px) 100vw, 1024px\" \/><\/figure><div class=\"wp-block-media-text__content\">\n<p><\/p>\n\n\n\n<ul class=\"wp-block-list\">\n<li>Vacina\u00e7\u00f5es com vacinas importadas<\/li>\n<\/ul>\n\n\n\n<ul class=\"wp-block-list\">\n<li>Coleta de exames laboratoriais<\/li>\n<\/ul>\n\n\n\n<ul class=\"wp-block-list\">\n<li>Bi\u00f3psias<\/li>\n<\/ul>\n<\/div><\/div>\n\n\n\n<p class=\"has-text-align-center\" style=\"font-size:30px\">CIRURGIAS<\/p>\n\n\n\n<div class=\"wp-block-media-text alignwide has-media-on-the-right is-stacked-on-mobile\" style=\"grid-template-columns:auto 29%\"><div class=\"wp-block-media-text__content\">\n<p><\/p>\n\n\n\n<ul class=\"wp-block-list\">\n<li>Cirurgias Ortop\u00e9dicas<\/li>\n<\/ul>\n\n\n\n<ul class=\"wp-block-list\">\n<li>Cirurgias Odontol\u00f3gicas<\/li>\n<\/ul>\n\n\n\n<ul class=\"wp-block-list\">\n<li>Cirurgias de Tecidos Moles<\/li>\n<\/ul>\n<\/div><figure class=\"wp-block-media-text__media\"><img loading=\"lazy\" decoding=\"async\" width=\"1024\" height=\"1024\" src=\"http:\/\/veterinariacampinas.com.br\/wp-content\/uploads\/2025\/08\/CC-1-1024x1024.png\" alt=\"\" class=\"wp-image-1023 size-full\" srcset=\"https:\/\/veterinariacampinas.com.br\/wp-content\/uploads\/2025\/08\/CC-1-1024x1024.png 1024w, https:\/\/veterinariacampinas.com.br\/wp-content\/uploads\/2025\/08\/CC-1-300x300.png 300w, https:\/\/veterinariacampinas.com.br\/wp-content\/uploads\/2025\/08\/CC-1-150x150.png 150w, https:\/\/veterinariacampinas.com.br\/wp-content\/uploads\/2025\/08\/CC-1-768x768.png 768w, https:\/\/veterinariacampinas.com.br\/wp-content\/uploads\/2025\/08\/CC-1-1536x1536.png 1536w, https:\/\/veterinariacampinas.com.br\/wp-content\/uploads\/2025\/08\/CC-1-2048x2048.png 2048w, https:\/\/veterinariacampinas.com.br\/wp-content\/uploads\/2025\/08\/CC-1-60x60.png 60w, https:\/\/veterinariacampinas.com.br\/wp-content\/uploads\/2025\/08\/CC-1-800x800.png 800w\" sizes=\"auto, (max-width: 1024px) 100vw, 1024px\" \/><\/figure><\/div>\n\n\n\n<p class=\"has-text-align-center\" style=\"font-size:30px\">ONCOLOGIA &amp; SA\u00daDE BUCAL<\/p>\n\n\n\n<div class=\"wp-block-media-text alignwide is-stacked-on-mobile\" style=\"grid-template-columns:29% auto\"><figure class=\"wp-block-media-text__media\"><img loading=\"lazy\" decoding=\"async\" width=\"1024\" height=\"1024\" src=\"http:\/\/veterinariacampinas.com.br\/wp-content\/uploads\/2025\/08\/BB-1024x1024.png\" alt=\"\" class=\"wp-image-1022 size-full\" srcset=\"https:\/\/veterinariacampinas.com.br\/wp-content\/uploads\/2025\/08\/BB-1024x1024.png 1024w, https:\/\/veterinariacampinas.com.br\/wp-content\/uploads\/2025\/08\/BB-300x300.png 300w, https:\/\/veterinariacampinas.com.br\/wp-content\/uploads\/2025\/08\/BB-150x150.png 150w, https:\/\/veterinariacampinas.com.br\/wp-content\/uploads\/2025\/08\/BB-768x768.png 768w, https:\/\/veterinariacampinas.com.br\/wp-content\/uploads\/2025\/08\/BB-1536x1536.png 1536w, https:\/\/veterinariacampinas.com.br\/wp-content\/uploads\/2025\/08\/BB-2048x2048.png 2048w, https:\/\/veterinariacampinas.com.br\/wp-content\/uploads\/2025\/08\/BB-60x60.png 60w, https:\/\/veterinariacampinas.com.br\/wp-content\/uploads\/2025\/08\/BB-800x800.png 800w\" sizes=\"auto, (max-width: 1024px) 100vw, 1024px\" \/><\/figure><div class=\"wp-block-media-text__content\">\n<p><\/p>\n\n\n\n<ul class=\"wp-block-list\">\n<li>Oncologia C\u00e3es <\/li>\n<\/ul>\n\n\n\n<ul class=\"wp-block-list\">\n<li>Oncologia Gatos<\/li>\n<\/ul>\n\n\n\n<ul class=\"wp-block-list\">\n<li>Sa\u00fade Bucal<\/li>\n<\/ul>\n<\/div><\/div>\n\n\n\n<p class=\"has-text-align-center\" style=\"font-size:31px\">EXAMES DETALHADOS<\/p>\n\n\n\n<p><\/p>\n\n\n\n<div class=\"wp-block-media-text alignwide has-media-on-the-right is-stacked-on-mobile\" style=\"grid-template-columns:auto 29%\"><div class=\"wp-block-media-text__content\">\n<p><\/p>\n\n\n\n<ul class=\"wp-block-list\">\n<li>Ultrassonografia<\/li>\n<\/ul>\n\n\n\n<ul class=\"wp-block-list\">\n<li>Ecocardiograma<\/li>\n<\/ul>\n\n\n\n<ul class=\"wp-block-list\">\n<li>Radiografia<\/li>\n<\/ul>\n<\/div><figure class=\"wp-block-media-text__media\"><img loading=\"lazy\" decoding=\"async\" width=\"1024\" height=\"1024\" src=\"https:\/\/veterinariacampinas.com.br\/wp-content\/uploads\/2025\/10\/A2-1024x1024.jpg\" alt=\"\" class=\"wp-image-1064 size-full\" srcset=\"https:\/\/veterinariacampinas.com.br\/wp-content\/uploads\/2025\/10\/A2-1024x1024.jpg 1024w, https:\/\/veterinariacampinas.com.br\/wp-content\/uploads\/2025\/10\/A2-300x300.jpg 300w, https:\/\/veterinariacampinas.com.br\/wp-content\/uploads\/2025\/10\/A2-150x150.jpg 150w, https:\/\/veterinariacampinas.com.br\/wp-content\/uploads\/2025\/10\/A2-768x768.jpg 768w, https:\/\/veterinariacampinas.com.br\/wp-content\/uploads\/2025\/10\/A2-1536x1536.jpg 1536w, https:\/\/veterinariacampinas.com.br\/wp-content\/uploads\/2025\/10\/A2-2048x2048.jpg 2048w, https:\/\/veterinariacampinas.com.br\/wp-content\/uploads\/2025\/10\/A2-60x60.jpg 60w, https:\/\/veterinariacampinas.com.br\/wp-content\/uploads\/2025\/10\/A2-800x800.jpg 800w\" sizes=\"auto, (max-width: 1024px) 100vw, 1024px\" \/><\/figure><\/div>\n\n\n\n<p class=\"has-text-align-center\" style=\"font-size:30px\">TERAPIAS<\/p>\n\n\n\n<div class=\"wp-block-media-text alignwide is-stacked-on-mobile\" style=\"grid-template-columns:29% auto\"><figure class=\"wp-block-media-text__media\"><img loading=\"lazy\" decoding=\"async\" width=\"444\" height=\"444\" src=\"https:\/\/veterinariacampinas.com.br\/wp-content\/uploads\/2025\/11\/Acupuntura1.png\" alt=\"\" class=\"wp-image-1082 size-full\" srcset=\"https:\/\/veterinariacampinas.com.br\/wp-content\/uploads\/2025\/11\/Acupuntura1.png 444w, https:\/\/veterinariacampinas.com.br\/wp-content\/uploads\/2025\/11\/Acupuntura1-300x300.png 300w, https:\/\/veterinariacampinas.com.br\/wp-content\/uploads\/2025\/11\/Acupuntura1-150x150.png 150w, https:\/\/veterinariacampinas.com.br\/wp-content\/uploads\/2025\/11\/Acupuntura1-60x60.png 60w\" sizes=\"auto, (max-width: 444px) 100vw, 444px\" \/><\/figure><div class=\"wp-block-media-text__content\">\n<p><\/p>\n\n\n\n<ul class=\"wp-block-list\">\n<li>Acupuntura<\/li>\n<\/ul>\n\n\n\n<ul class=\"wp-block-list\">\n<li>Ozonioterapia<\/li>\n<\/ul>\n\n\n\n<ul class=\"wp-block-list\">\n<li>Cromoterapia<\/li>\n<\/ul>\n\n\n\n<p class=\"has-text-align-left\" style=\"font-size:16px\"><\/p>\n<\/div><\/div>\n\n\n\n<pre class=\"wp-block-verse has-text-align-center has-black-color has-white-background-color has-text-color has-background\" style=\"font-size:15px\"><br><br><br><br><br><em>\"Conte conosco na hora<\/em><br><em> de fazer aquele check-up\"<\/em><\/pre>\n\n\n\n<p class=\"has-text-align-center\" style=\"font-size:11px\">CCVET \u00a9<\/p>\n","protected":false},"excerpt":{"rendered":"<p>CONSULTAS VACINA\u00c7\u00d5ES &amp; EXAMES CIRURGIAS ONCOLOGIA &amp; SA\u00daDE BUCAL EXAMES DETALHADOS TERAPIAS &#8220;Conte conosco na hora de fazer aquele check-up&#8221; CCVET \u00a9<\/p>\n","protected":false},"author":1,"featured_media":0,"parent":0,"menu_order":0,"comment_status":"closed","ping_status":"closed","template":"","meta":{"om_disable_all_campaigns":false,"_monsterinsights_skip_tracking":false,"_monsterinsights_sitenote_active":false,"_monsterinsights_sitenote_note":"","_monsterinsights_sitenote_category":0,"footnotes":""},"class_list":["post-690","page","type-page","status-publish","hentry"],"aioseo_notices":[],"_links":{"self":[{"href":"https:\/\/veterinariacampinas.com.br\/index.php\/wp-json\/wp\/v2\/pages\/690","targetHints":{"allow":["GET"]}}],"collection":[{"href":"https:\/\/veterinariacampinas.com.br\/index.php\/wp-json\/wp\/v2\/pages"}],"about":[{"href":"https:\/\/veterinariacampinas.com.br\/index.php\/wp-json\/wp\/v2\/types\/page"}],"author":[{"embeddable":true,"href":"https:\/\/veterinariacampinas.com.br\/index.php\/wp-json\/wp\/v2\/users\/1"}],"replies":[{"embeddable":true,"href":"https:\/\/veterinariacampinas.com.br\/index.php\/wp-json\/wp\/v2\/comments?post=690"}],"version-history":[{"count":53,"href":"https:\/\/veterinariacampinas.com.br\/index.php\/wp-json\/wp\/v2\/pages\/690\/revisions"}],"predecessor-version":[{"id":1104,"href":"https:\/\/veterinariacampinas.com.br\/index.php\/wp-json\/wp\/v2\/pages\/690\/revisions\/1104"}],"wp:attachment":[{"href":"https:\/\/veterinariacampinas.com.br\/index.php\/wp-json\/wp\/v2\/media?parent=690"}],"curies":[{"name":"wp","href":"https:\/\/api.w.org\/{rel}","templated":true}]}}