{"id":678,"date":"2023-09-20T09:57:05","date_gmt":"2023-09-20T12:57:05","guid":{"rendered":"http:\/\/veterinariacampinas.com.br\/?page_id=678"},"modified":"2025-10-29T11:31:06","modified_gmt":"2025-10-29T14:31:06","slug":"contato","status":"publish","type":"page","link":"https:\/\/veterinariacampinas.com.br\/index.php\/contato\/","title":{"rendered":""},"content":{"rendered":"\n<p class=\"has-text-align-center\" style=\"font-size:31px\">Precisa falar com a gente?<\/p>\n\n\n\n<div class=\"wp-block-cover is-light\" style=\"min-height:331px;aspect-ratio:unset;\"><img loading=\"lazy\" decoding=\"async\" width=\"1200\" height=\"800\" class=\"wp-block-cover__image-background wp-image-969\" alt=\"\" src=\"https:\/\/veterinariacampinas.com.br\/wp-content\/uploads\/2025\/08\/inovacao-no-mercado-pet.jpg\" style=\"object-position:96% 44%\" data-object-fit=\"cover\" data-object-position=\"96% 44%\" srcset=\"https:\/\/veterinariacampinas.com.br\/wp-content\/uploads\/2025\/08\/inovacao-no-mercado-pet.jpg 1200w, https:\/\/veterinariacampinas.com.br\/wp-content\/uploads\/2025\/08\/inovacao-no-mercado-pet-300x200.jpg 300w, https:\/\/veterinariacampinas.com.br\/wp-content\/uploads\/2025\/08\/inovacao-no-mercado-pet-1024x683.jpg 1024w, https:\/\/veterinariacampinas.com.br\/wp-content\/uploads\/2025\/08\/inovacao-no-mercado-pet-768x512.jpg 768w, https:\/\/veterinariacampinas.com.br\/wp-content\/uploads\/2025\/08\/inovacao-no-mercado-pet-90x60.jpg 90w\" sizes=\"auto, (max-width: 1200px) 100vw, 1200px\" \/><span aria-hidden=\"true\" class=\"wp-block-cover__background has-background-dim-40 has-background-dim\"><\/span><div class=\"wp-block-cover__inner-container is-layout-flow wp-block-cover-is-layout-flow\">\n<h6 class=\"wp-block-heading has-text-align-center\" style=\"font-style:normal;font-weight:300\"><mark style=\"background-color:rgba(0, 0, 0, 0)\" class=\"has-inline-color has-white-color\">Esclare\u00e7a suas d\u00favidas de modo f\u00e1cil, pelo <strong>Whatsapp<\/strong>.<\/mark><\/h6>\n\n\n\n<div class=\"wp-block-buttons is-content-justification-center is-layout-flex wp-container-core-buttons-is-layout-16018d1d wp-block-buttons-is-layout-flex\">\n<div class=\"wp-block-button is-style-fill\"><a class=\"wp-block-button__link has-white-color has-text-color has-background has-medium-font-size has-custom-font-size wp-element-button\" href=\"https:\/\/wa.me\/5519996558108?text=Ol%C3%A1!%20Pode%20me%20ajudar%3F\" style=\"background-color:#00b573\" target=\"_blank\" rel=\"noreferrer noopener\">D\u00daVIDAS?<\/a><\/div>\n<\/div>\n\n\n\n<p class=\"has-text-align-center\"><mark style=\"background-color:rgba(0, 0, 0, 0)\" class=\"has-inline-color has-white-color\">Conte com nossa equipe, sempre que precisar.<\/mark><\/p>\n<\/div><\/div>\n\n\n\n<p class=\"has-text-align-center\" style=\"font-size:11px\">CCVET Cl\u00ednica Veterin\u00e1ria \u00a9<\/p>\n\n\n\n<p class=\"has-text-align-center\" style=\"font-size:11px\">R. Jo\u00e3o Batista Padovani 95 | Jd. Santa Genebra, Campinas\/SP<\/p>\n\n\n\n<p class=\"has-text-align-center\" style=\"font-size:11px\"><\/p>\n","protected":false},"excerpt":{"rendered":"<p>Precisa falar com a gente? CCVET Cl\u00ednica Veterin\u00e1ria \u00a9 R. Jo\u00e3o Batista Padovani 95 | Jd. Santa Genebra, Campinas\/SP<\/p>\n","protected":false},"author":1,"featured_media":0,"parent":0,"menu_order":0,"comment_status":"closed","ping_status":"closed","template":"","meta":{"om_disable_all_campaigns":false,"_monsterinsights_skip_tracking":false,"_monsterinsights_sitenote_active":false,"_monsterinsights_sitenote_note":"","_monsterinsights_sitenote_category":0,"footnotes":""},"class_list":["post-678","page","type-page","status-publish","hentry"],"aioseo_notices":[],"_links":{"self":[{"href":"https:\/\/veterinariacampinas.com.br\/index.php\/wp-json\/wp\/v2\/pages\/678","targetHints":{"allow":["GET"]}}],"collection":[{"href":"https:\/\/veterinariacampinas.com.br\/index.php\/wp-json\/wp\/v2\/pages"}],"about":[{"href":"https:\/\/veterinariacampinas.com.br\/index.php\/wp-json\/wp\/v2\/types\/page"}],"author":[{"embeddable":true,"href":"https:\/\/veterinariacampinas.com.br\/index.php\/wp-json\/wp\/v2\/users\/1"}],"replies":[{"embeddable":true,"href":"https:\/\/veterinariacampinas.com.br\/index.php\/wp-json\/wp\/v2\/comments?post=678"}],"version-history":[{"count":17,"href":"https:\/\/veterinariacampinas.com.br\/index.php\/wp-json\/wp\/v2\/pages\/678\/revisions"}],"predecessor-version":[{"id":1057,"href":"https:\/\/veterinariacampinas.com.br\/index.php\/wp-json\/wp\/v2\/pages\/678\/revisions\/1057"}],"wp:attachment":[{"href":"https:\/\/veterinariacampinas.com.br\/index.php\/wp-json\/wp\/v2\/media?parent=678"}],"curies":[{"name":"wp","href":"https:\/\/api.w.org\/{rel}","templated":true}]}}