{"id":598,"date":"2023-09-19T15:20:48","date_gmt":"2023-09-19T18:20:48","guid":{"rendered":"http:\/\/veterinariacampinas.com.br\/?page_id=598"},"modified":"2025-12-09T12:59:38","modified_gmt":"2025-12-09T15:59:38","slug":"ccvet","status":"publish","type":"page","link":"https:\/\/veterinariacampinas.com.br\/index.php\/ccvet\/","title":{"rendered":""},"content":{"rendered":"\n<p class=\"has-text-align-center\" style=\"font-size:31px\"><strong>A CCVET<\/strong><\/p>\n\n\n\n<div class=\"wp-block-media-text alignwide has-media-on-the-right is-stacked-on-mobile { text-align: center }\" style=\"grid-template-columns:auto 29%\"><div class=\"wp-block-media-text__content\">\n<p class=\"has-text-align-left\" style=\"font-size:16px\"><strong>A CCVET<\/strong>, <strong>CL\u00cdNICA E CIRURGIA VETERIN\u00c1RIA<\/strong>, foi idealizada pela Dra. Maria Luiza Vallad\u00e3o, com o objetivo de oferecer atendimento personalizado em um ambiente acolhedor, somado a uma equipe comprometida e qualificada.<\/p>\n<\/div><figure class=\"wp-block-media-text__media\"><img loading=\"lazy\" decoding=\"async\" width=\"686\" height=\"686\" src=\"https:\/\/veterinariacampinas.com.br\/wp-content\/uploads\/2025\/12\/recepec.jpg\" alt=\"\" class=\"wp-image-1118 size-full\" srcset=\"https:\/\/veterinariacampinas.com.br\/wp-content\/uploads\/2025\/12\/recepec.jpg 686w, https:\/\/veterinariacampinas.com.br\/wp-content\/uploads\/2025\/12\/recepec-300x300.jpg 300w, https:\/\/veterinariacampinas.com.br\/wp-content\/uploads\/2025\/12\/recepec-150x150.jpg 150w, https:\/\/veterinariacampinas.com.br\/wp-content\/uploads\/2025\/12\/recepec-60x60.jpg 60w\" sizes=\"auto, (max-width: 686px) 100vw, 686px\" \/><\/figure><\/div>\n\n\n\n<p class=\"has-text-align-center\" style=\"font-size:30px\">Medicina Veterin\u00e1ria<\/p>\n\n\n\n<div class=\"wp-block-media-text alignwide is-stacked-on-mobile\" style=\"grid-template-columns:29% auto\"><figure class=\"wp-block-media-text__media\"><img loading=\"lazy\" decoding=\"async\" width=\"720\" height=\"720\" src=\"https:\/\/veterinariacampinas.com.br\/wp-content\/uploads\/2025\/11\/Missao.png\" alt=\"\" class=\"wp-image-1074 size-full\" srcset=\"https:\/\/veterinariacampinas.com.br\/wp-content\/uploads\/2025\/11\/Missao.png 720w, https:\/\/veterinariacampinas.com.br\/wp-content\/uploads\/2025\/11\/Missao-300x300.png 300w, https:\/\/veterinariacampinas.com.br\/wp-content\/uploads\/2025\/11\/Missao-150x150.png 150w, https:\/\/veterinariacampinas.com.br\/wp-content\/uploads\/2025\/11\/Missao-60x60.png 60w\" sizes=\"auto, (max-width: 720px) 100vw, 720px\" \/><\/figure><div class=\"wp-block-media-text__content\">\n<p class=\"has-text-align-left\" style=\"font-size:16px\"><strong>A miss\u00e3o da CCVET <\/strong>\u00e9 oferecer servi\u00e7os veterin\u00e1rios, aliando \u00e9tica, profissionalismo, qualifica\u00e7\u00e3o cont\u00ednua, transpar\u00eancia e paix\u00e3o, a fim de promover sa\u00fade e o bem-estar dos animais. <\/p>\n<\/div><\/div>\n\n\n\n<p class=\"has-text-align-center\" style=\"font-size:30px\">A estrutura da cl\u00ednica<\/p>\n\n\n\n<div class=\"wp-block-media-text alignwide has-media-on-the-right is-stacked-on-mobile\" style=\"grid-template-columns:auto 29%\"><div class=\"wp-block-media-text__content\">\n<p class=\"has-text-align-left\" style=\"font-size:16px\"><strong>A CCVET <\/strong>conta com: 3 salas para Consultas, Vacina\u00e7\u00f5es e Exames; uma sala equipada para a realiza\u00e7\u00e3o de diversos tipos de cirurgias; e ainda uma sala de P\u00f3s Operat\u00f3rio.<\/p>\n<\/div><figure class=\"wp-block-media-text__media\"><img loading=\"lazy\" decoding=\"async\" width=\"659\" height=\"659\" src=\"https:\/\/veterinariacampinas.com.br\/wp-content\/uploads\/2025\/12\/SL-CCVET2.jpg\" alt=\"\" class=\"wp-image-1125 size-full\" srcset=\"https:\/\/veterinariacampinas.com.br\/wp-content\/uploads\/2025\/12\/SL-CCVET2.jpg 659w, https:\/\/veterinariacampinas.com.br\/wp-content\/uploads\/2025\/12\/SL-CCVET2-300x300.jpg 300w, https:\/\/veterinariacampinas.com.br\/wp-content\/uploads\/2025\/12\/SL-CCVET2-150x150.jpg 150w, https:\/\/veterinariacampinas.com.br\/wp-content\/uploads\/2025\/12\/SL-CCVET2-60x60.jpg 60w\" sizes=\"auto, (max-width: 659px) 100vw, 659px\" \/><\/figure><\/div>\n\n\n\n<pre class=\"wp-block-verse has-text-align-center has-black-color has-white-background-color has-text-color has-background\" style=\"font-size:15px\"><em>\"Conte conosco na hora<\/em><br><em> de fazer aquele check-up\"<\/em><\/pre>\n\n\n\n<p class=\"has-text-align-center\" style=\"font-size:11px\">CCVET \u00a9<\/p>\n","protected":false},"excerpt":{"rendered":"<p>A CCVET A CCVET, CL\u00cdNICA E CIRURGIA VETERIN\u00c1RIA, foi idealizada pela Dra. Maria Luiza Vallad\u00e3o, com o objetivo de oferecer atendimento personalizado em um ambiente acolhedor, somado a uma equipe comprometida e qualificada. Medicina Veterin\u00e1ria A miss\u00e3o da CCVET \u00e9 oferecer servi\u00e7os veterin\u00e1rios, aliando \u00e9tica, profissionalismo, qualifica\u00e7\u00e3o cont\u00ednua, transpar\u00eancia e paix\u00e3o, a fim de promover &hellip; <\/p>\n","protected":false},"author":1,"featured_media":0,"parent":0,"menu_order":0,"comment_status":"closed","ping_status":"closed","template":"","meta":{"om_disable_all_campaigns":false,"_monsterinsights_skip_tracking":false,"_monsterinsights_sitenote_active":false,"_monsterinsights_sitenote_note":"","_monsterinsights_sitenote_category":0,"footnotes":""},"class_list":["post-598","page","type-page","status-publish","hentry"],"aioseo_notices":[],"_links":{"self":[{"href":"https:\/\/veterinariacampinas.com.br\/index.php\/wp-json\/wp\/v2\/pages\/598","targetHints":{"allow":["GET"]}}],"collection":[{"href":"https:\/\/veterinariacampinas.com.br\/index.php\/wp-json\/wp\/v2\/pages"}],"about":[{"href":"https:\/\/veterinariacampinas.com.br\/index.php\/wp-json\/wp\/v2\/types\/page"}],"author":[{"embeddable":true,"href":"https:\/\/veterinariacampinas.com.br\/index.php\/wp-json\/wp\/v2\/users\/1"}],"replies":[{"embeddable":true,"href":"https:\/\/veterinariacampinas.com.br\/index.php\/wp-json\/wp\/v2\/comments?post=598"}],"version-history":[{"count":90,"href":"https:\/\/veterinariacampinas.com.br\/index.php\/wp-json\/wp\/v2\/pages\/598\/revisions"}],"predecessor-version":[{"id":1126,"href":"https:\/\/veterinariacampinas.com.br\/index.php\/wp-json\/wp\/v2\/pages\/598\/revisions\/1126"}],"wp:attachment":[{"href":"https:\/\/veterinariacampinas.com.br\/index.php\/wp-json\/wp\/v2\/media?parent=598"}],"curies":[{"name":"wp","href":"https:\/\/api.w.org\/{rel}","templated":true}]}}